{"id":321,"date":"2022-11-11T14:36:04","date_gmt":"2022-11-11T14:36:04","guid":{"rendered":"https:\/\/www.autoserviskf.cz\/?page_id=321"},"modified":"2024-10-04T08:38:20","modified_gmt":"2024-10-04T08:38:20","slug":"kontakty-a-fakturacni-udaje","status":"publish","type":"page","link":"https:\/\/www.autoserviskf.cz\/?page_id=321","title":{"rendered":"kontakty a faktura\u010dn\u00ed \u00fadaje"},"content":{"rendered":"<p>[et_pb_section fb_built=&#8220;1&#8243; custom_padding_last_edited=&#8220;on|phone&#8220; admin_label=&#8220;Header&#8220; _builder_version=&#8220;4.19.0&#8243; background_color=&#8220;#eaeaf1&#8243; use_background_color_gradient=&#8220;on&#8220; background_color_gradient_direction=&#8220;-67deg&#8220; background_color_gradient_stops=&#8220;#eaeaf1 18%|#ffffff 18%&#8220; background_color_gradient_start=&#8220;#eaeaf1&#8243; background_color_gradient_start_position=&#8220;18%&#8220; background_color_gradient_end=&#8220;#ffffff&#8220; background_color_gradient_end_position=&#8220;0%&#8220; background_position=&#8220;top_left&#8220; custom_margin=&#8220;||-200px||false|false&#8220; custom_margin_tablet=&#8220;||-272px||false|false&#8220; custom_margin_phone=&#8220;||-272px||false|false&#8220; custom_margin_last_edited=&#8220;on|phone&#8220; custom_padding=&#8220;0|0px|0px|0px|false|false&#8220; custom_padding_tablet=&#8220;||0px||false|false&#8220; custom_padding_phone=&#8220;&#8220; locked=&#8220;off&#8220; global_colors_info=&#8220;{}&#8220;][et_pb_row column_structure=&#8220;2_5,3_5&#8243; _builder_version=&#8220;4.19.0&#8243; width=&#8220;92%&#8220; max_width=&#8220;1800px&#8220; module_alignment=&#8220;right&#8220; custom_padding=&#8220;0px||0||false|false&#8220; use_custom_width=&#8220;on&#8220; width_unit=&#8220;off&#8220; custom_width_percent=&#8220;90%&#8220; global_colors_info=&#8220;{}&#8220;][et_pb_column type=&#8220;2_5&#8243; _builder_version=&#8220;4.16&#8243; custom_padding=&#8220;|50px||&#8220; global_colors_info=&#8220;{}&#8220; custom_padding__hover=&#8220;|||&#8220;][et_pb_divider color=&#8220;#0251b8&#8243; divider_weight=&#8220;80px&#8220; _builder_version=&#8220;4.16&#8243; transform_skew=&#8220;-22deg|0deg&#8220; transform_skew_linked=&#8220;off&#8220; height=&#8220;80px&#8220; custom_margin=&#8220;||60px|-20vw&#8220; custom_margin_tablet=&#8220;||30px&#8220; custom_margin_phone=&#8220;&#8220; custom_margin_last_edited=&#8220;on|tablet&#8220; locked=&#8220;off&#8220; global_colors_info=&#8220;{}&#8220;][\/et_pb_divider][et_pb_text _builder_version=&#8220;4.19.0&#8243; text_font=&#8220;Khand|600|||||||&#8220; text_text_color=&#8220;#000000&#8243; text_font_size=&#8220;85px&#8220; text_line_height=&#8220;1.8em&#8220; header_font=&#8220;Khand|700|on|on|||||&#8220; header_text_align=&#8220;left&#8220; header_font_size=&#8220;8vw&#8220; transform_skew=&#8220;-6deg|0deg&#8220; transform_skew_linked=&#8220;off&#8220; width=&#8220;120%&#8220; custom_margin=&#8220;||-40px||false|false&#8220; custom_margin_tablet=&#8220;||-40px||false|false&#8220; custom_margin_phone=&#8220;||-25px||false|false&#8220; custom_margin_last_edited=&#8220;on|desktop&#8220; text_font_size_tablet=&#8220;90px&#8220; text_font_size_phone=&#8220;50px&#8220; text_font_size_last_edited=&#8220;on|phone&#8220; header_font_size_tablet=&#8220;100px&#8220; header_font_size_phone=&#8220;50px&#8220; header_font_size_last_edited=&#8220;on|phone&#8220; global_colors_info=&#8220;{}&#8220;]<\/p>\n<p>Kontakty a fakturace<\/p>\n<p>[\/et_pb_text][et_pb_divider color=&#8220;#f71635&#8243; divider_style=&#8220;double&#8220; divider_weight=&#8220;10px&#8220; _builder_version=&#8220;4.16&#8243; transform_skew=&#8220;-20deg|0deg&#8220; max_width=&#8220;100px&#8220; height=&#8220;10px&#8220; locked=&#8220;off&#8220; global_colors_info=&#8220;{}&#8220;][\/et_pb_divider][\/et_pb_column][et_pb_column type=&#8220;3_5&#8243; _builder_version=&#8220;4.16&#8243; custom_padding=&#8220;|||&#8220; global_colors_info=&#8220;{}&#8220; custom_padding__hover=&#8220;|||&#8220;][et_pb_image src=&#8220;http:\/\/www.autoserviskf.cz\/wp-content\/uploads\/2022\/11\/mechanic-59.png&#8220; alt=&#8220;autoservis k+f kontakty a fakturace&#8220; title_text=&#8220;autoservis k+f kontakty a fakturace&#8220; align=&#8220;right&#8220; force_fullwidth=&#8220;on&#8220; _builder_version=&#8220;4.19.0&#8243; background_image=&#8220;http:\/\/www.autoserviskf.cz\/wp-content\/uploads\/2022\/11\/poster11_16_201658.png&#8220; background_position=&#8220;center_right&#8220; width_tablet=&#8220;70%&#8220; width_phone=&#8220;&#8220; width_last_edited=&#8220;on|tablet&#8220; custom_padding=&#8220;|||&#8220; always_center_on_mobile=&#8220;off&#8220; global_colors_info=&#8220;{}&#8220;][\/et_pb_image][et_pb_image src=&#8220;http:\/\/www.autoserviskf.cz\/wp-content\/uploads\/2022\/11\/mechanic-57-1.png&#8220; align=&#8220;right&#8220; _builder_version=&#8220;4.16&#8243; width=&#8220;60%&#8220; module_alignment=&#8220;right&#8220; custom_margin=&#8220;-70%||&#8220; always_center_on_mobile=&#8220;off&#8220; global_colors_info=&#8220;{}&#8220;][\/et_pb_image][\/et_pb_column][\/et_pb_row][\/et_pb_section][et_pb_section fb_built=&#8220;1&#8243; admin_label=&#8220;About&#8220; _builder_version=&#8220;4.19.0&#8243; background_color=&#8220;rgba(238,238,238,0.5)&#8220; background_enable_image=&#8220;off&#8220; background_size=&#8220;initial&#8220; background_position=&#8220;bottom_right&#8220; custom_padding=&#8220;||20px||false|false&#8220; global_colors_info=&#8220;{}&#8220;][et_pb_row column_structure=&#8220;1_2,1_2&#8243; _builder_version=&#8220;4.19.0&#8243; _module_preset=&#8220;default&#8220; width=&#8220;85%&#8220; max_width=&#8220;1277px&#8220; global_colors_info=&#8220;{}&#8220;][et_pb_column type=&#8220;1_2&#8243; _builder_version=&#8220;4.19.0&#8243; _module_preset=&#8220;default&#8220; global_colors_info=&#8220;{}&#8220;][et_pb_image src=&#8220;http:\/\/www.autoserviskf.cz\/wp-content\/uploads\/2022\/11\/stephen-phillips-hostreviews-co-uk-3Mhgvrk4tjM-unsplash-removebg-preview.png&#8220; alt=&#8220;autoservis k+f kontakty&#8220; title_text=&#8220;autoservis k+f kontakty&#8220; _builder_version=&#8220;4.27.2&#8243; _module_preset=&#8220;default&#8220; width=&#8220;84%&#8220; hover_enabled=&#8220;0&#8243; global_colors_info=&#8220;{}&#8220; animation_style=&#8220;fade&#8220; animation_direction=&#8220;right&#8220; animation_duration=&#8220;500ms&#8220; animation_speed_curve=&#8220;ease&#8220; transform_scale=&#8220;110%|110%&#8220; sticky_enabled=&#8220;0&#8243;][\/et_pb_image][et_pb_text _builder_version=&#8220;4.19.0&#8243; text_font=&#8220;|600|||||||&#8220; text_line_height=&#8220;2em&#8220; header_font=&#8220;||||||||&#8220; header_2_font=&#8220;Khand|700||on|||||&#8220; header_2_font_size=&#8220;60px&#8220; header_2_line_height=&#8220;1.2em&#8220; header_2_font_size_tablet=&#8220;40px&#8220; header_2_font_size_phone=&#8220;30px&#8220; header_2_font_size_last_edited=&#8220;on|desktop&#8220; locked=&#8220;off&#8220; global_colors_info=&#8220;{}&#8220;]<\/p>\n<h2>kontakty<\/h2>\n<p>[\/et_pb_text][et_pb_blurb title=&#8220;k lu\u010din\u00e1m 577, \u010desk\u00e9 bud\u011bjovice 370 01&#8243; use_icon=&#8220;on&#8220; font_icon=&#8220;&#x5e;||divi||400&#8243; icon_color=&#8220;#f71635&#8243; icon_placement=&#8220;left&#8220; image_icon_width=&#8220;20px&#8220; _builder_version=&#8220;4.19.0&#8243; header_font=&#8220;|700||on|||||&#8220; header_font_size=&#8220;16px&#8220; header_line_height=&#8220;1.4em&#8220; body_font=&#8220;|600|||||||&#8220; body_font_size=&#8220;17px&#8220; body_line_height=&#8220;2em&#8220; animation=&#8220;off&#8220; icon_font_size=&#8220;20px&#8220; global_colors_info=&#8220;{}&#8220;][\/et_pb_blurb][et_pb_blurb title=&#8220;info@autoserviskf.cz&#8220; use_icon=&#8220;on&#8220; font_icon=&#8220;&#x5e;||divi||400&#8243; icon_color=&#8220;#f71635&#8243; icon_placement=&#8220;left&#8220; image_icon_width=&#8220;20px&#8220; _builder_version=&#8220;4.19.0&#8243; header_font=&#8220;|700||on|||||&#8220; header_font_size=&#8220;16px&#8220; header_line_height=&#8220;1.4em&#8220; body_font=&#8220;|600|||||||&#8220; body_font_size=&#8220;17px&#8220; body_line_height=&#8220;2em&#8220; animation=&#8220;off&#8220; icon_font_size=&#8220;20px&#8220; global_colors_info=&#8220;{}&#8220;][\/et_pb_blurb][et_pb_blurb title=&#8220;provozn\u00ed doba:&#8220; use_icon=&#8220;on&#8220; font_icon=&#8220;&#x5e;||divi||400&#8243; icon_color=&#8220;#f71635&#8243; icon_placement=&#8220;left&#8220; image_icon_width=&#8220;20px&#8220; _builder_version=&#8220;4.19.0&#8243; header_font=&#8220;|700||on|||||&#8220; header_font_size=&#8220;16px&#8220; header_line_height=&#8220;1.4em&#8220; body_font=&#8220;|600|||||||&#8220; body_font_size=&#8220;17px&#8220; body_line_height=&#8220;2em&#8220; animation=&#8220;off&#8220; icon_font_size=&#8220;20px&#8220; global_colors_info=&#8220;{}&#8220;]<\/p>\n<p><strong><span style=\"color: #333333;\"> Po &#8211; P\u00e1 8:00 &#8211; 16:30<\/span><\/strong><\/p>\n<p>[\/et_pb_blurb][\/et_pb_column][et_pb_column type=&#8220;1_2&#8243; _builder_version=&#8220;4.19.0&#8243; _module_preset=&#8220;default&#8220; global_colors_info=&#8220;{}&#8220;][et_pb_text _builder_version=&#8220;4.19.0&#8243; text_font=&#8220;|600|||||||&#8220; text_line_height=&#8220;2em&#8220; header_font=&#8220;||||||||&#8220; header_2_font=&#8220;Khand|700||on|||||&#8220; header_2_font_size=&#8220;60px&#8220; header_2_line_height=&#8220;1.2em&#8220; header_2_font_size_tablet=&#8220;40px&#8220; header_2_font_size_phone=&#8220;30px&#8220; header_2_font_size_last_edited=&#8220;on|desktop&#8220; locked=&#8220;off&#8220; global_colors_info=&#8220;{}&#8220;]<\/p>\n<h2>fakturace<\/h2>\n<p>[\/et_pb_text][et_pb_blurb title=&#8220;autoservis k+f s.r.o.&#8220; use_icon=&#8220;on&#8220; font_icon=&#8220;&#x5e;||divi||400&#8243; icon_color=&#8220;#f71635&#8243; icon_placement=&#8220;left&#8220; image_icon_width=&#8220;20px&#8220; _builder_version=&#8220;4.19.0&#8243; header_font=&#8220;|700||on|||||&#8220; header_font_size=&#8220;16px&#8220; header_line_height=&#8220;1.4em&#8220; body_font=&#8220;|600|||||||&#8220; body_font_size=&#8220;17px&#8220; body_line_height=&#8220;2em&#8220; animation=&#8220;off&#8220; icon_font_size=&#8220;20px&#8220; global_colors_info=&#8220;{}&#8220;]<\/p>\n<p><strong><span style=\"color: #333333;\">I\u010c: 28125894<\/span><\/strong><br \/><strong><span style=\"color: #333333;\">DI\u010c: CZ28125894<\/span><\/strong><\/p>\n<p><span style=\"color: #333333;\">C 18755 veden\u00e1 u Krajsk\u00e9ho soudu<br \/>v \u010cesk\u00fdch Bud\u011bjovic\u00edch<\/span><\/p>\n<p>[\/et_pb_blurb][et_pb_blurb title=&#8220;milo\u0161 kalista &#8211; jednatel, vedouc\u00ed p\u0159\u00edjmu zak\u00e1zek&#8220; use_icon=&#8220;on&#8220; font_icon=&#8220;&#x5e;||divi||400&#8243; icon_color=&#8220;#f71635&#8243; icon_placement=&#8220;left&#8220; image_icon_width=&#8220;20px&#8220; _builder_version=&#8220;4.19.0&#8243; header_font=&#8220;|700||on|||||&#8220; header_font_size=&#8220;16px&#8220; header_line_height=&#8220;1.4em&#8220; body_font=&#8220;|600|||||||&#8220; body_font_size=&#8220;17px&#8220; body_line_height=&#8220;2em&#8220; animation=&#8220;off&#8220; icon_font_size=&#8220;20px&#8220; global_colors_info=&#8220;{}&#8220;]<\/p>\n<p><strong><span style=\"color: #333333;\">Tel: <a href=\"Tel:602175634\">602 175 634<\/a><\/span><\/strong><br \/><strong><span style=\"color: #333333;\">Email: <a href=\"mailto:milos.kalista@autoserviskf.cz\">milos.kalista@autoserviskf.cz<\/a><\/span><\/strong><\/p>\n<p>[\/et_pb_blurb][et_pb_blurb title=&#8220;tom\u00e1\u0161 freiport &#8211; jednatel, vedouc\u00ed d\u00edlny&#8220; use_icon=&#8220;on&#8220; font_icon=&#8220;&#x5e;||divi||400&#8243; icon_color=&#8220;#f71635&#8243; icon_placement=&#8220;left&#8220; image_icon_width=&#8220;20px&#8220; _builder_version=&#8220;4.19.1&#8243; header_font=&#8220;|700||on|||||&#8220; header_font_size=&#8220;16px&#8220; header_line_height=&#8220;1.4em&#8220; body_font=&#8220;|600|||||||&#8220; body_font_size=&#8220;17px&#8220; body_line_height=&#8220;2em&#8220; animation=&#8220;off&#8220; icon_font_size=&#8220;20px&#8220; global_colors_info=&#8220;{}&#8220;]<\/p>\n<p><strong><span style=\"color: #333333;\">Tel: <a href=\"Tel:776761493\">776 761 493<\/a><\/span><\/strong><br \/><strong><span style=\"color: #333333;\">Email: <a href=\"mailto:tomas.freiport@autoserviskf.cz\">tomas.freiport@autoserviskf.cz<\/a><\/span><\/strong><\/p>\n<p>[\/et_pb_blurb][et_pb_blurb title=&#8220;jana nov\u00e1kov\u00e1 &#8211; p\u0159\u00edjem zak\u00e1zek, fakturace&#8220; use_icon=&#8220;on&#8220; font_icon=&#8220;&#x5e;||divi||400&#8243; icon_color=&#8220;#f71635&#8243; icon_placement=&#8220;left&#8220; image_icon_width=&#8220;20px&#8220; _builder_version=&#8220;4.19.1&#8243; header_font=&#8220;|700||on|||||&#8220; header_font_size=&#8220;16px&#8220; header_line_height=&#8220;1.4em&#8220; body_font=&#8220;|600|||||||&#8220; body_font_size=&#8220;17px&#8220; body_line_height=&#8220;2em&#8220; animation=&#8220;off&#8220; icon_font_size=&#8220;20px&#8220; global_colors_info=&#8220;{}&#8220;]<\/p>\n<p><strong><span style=\"color: #333333;\">Tel: <a href=\"tel:739077821\">739 077 821<\/a><\/span><\/strong><br \/><strong><span style=\"color: #333333;\">Email: <a href=\"mailto:faktury@autoserviskf.cz\">faktury@autoserviskf.cz<\/a><\/span><\/strong><\/p>\n<p>[\/et_pb_blurb][\/et_pb_column][\/et_pb_row][\/et_pb_section]<\/p>\n","protected":false},"excerpt":{"rendered":"<p>Kontakty a fakturacekontakty Po &#8211; P\u00e1 8:00 &#8211; 16:30fakturaceI\u010c: 28125894DI\u010c: CZ28125894 C 18755 veden\u00e1 u Krajsk\u00e9ho souduv \u010cesk\u00fdch Bud\u011bjovic\u00edchTel: 602 175 634Email: milos.kalista@autoserviskf.czTel: 776 761 493Email: tomas.freiport@autoserviskf.czTel: 739 077 821Email: faktury@autoserviskf.cz<\/p>\n","protected":false},"author":1,"featured_media":0,"parent":0,"menu_order":0,"comment_status":"closed","ping_status":"closed","template":"","meta":{"_et_pb_use_builder":"on","_et_pb_old_content":"","_et_gb_content_width":"","footnotes":""},"class_list":["post-321","page","type-page","status-publish","hentry"],"_links":{"self":[{"href":"https:\/\/www.autoserviskf.cz\/index.php?rest_route=\/wp\/v2\/pages\/321","targetHints":{"allow":["GET"]}}],"collection":[{"href":"https:\/\/www.autoserviskf.cz\/index.php?rest_route=\/wp\/v2\/pages"}],"about":[{"href":"https:\/\/www.autoserviskf.cz\/index.php?rest_route=\/wp\/v2\/types\/page"}],"author":[{"embeddable":true,"href":"https:\/\/www.autoserviskf.cz\/index.php?rest_route=\/wp\/v2\/users\/1"}],"replies":[{"embeddable":true,"href":"https:\/\/www.autoserviskf.cz\/index.php?rest_route=%2Fwp%2Fv2%2Fcomments&post=321"}],"version-history":[{"count":11,"href":"https:\/\/www.autoserviskf.cz\/index.php?rest_route=\/wp\/v2\/pages\/321\/revisions"}],"predecessor-version":[{"id":469,"href":"https:\/\/www.autoserviskf.cz\/index.php?rest_route=\/wp\/v2\/pages\/321\/revisions\/469"}],"wp:attachment":[{"href":"https:\/\/www.autoserviskf.cz\/index.php?rest_route=%2Fwp%2Fv2%2Fmedia&parent=321"}],"curies":[{"name":"wp","href":"https:\/\/api.w.org\/{rel}","templated":true}]}}