{"id":299,"date":"2022-11-11T11:47:55","date_gmt":"2022-11-11T11:47:55","guid":{"rendered":"https:\/\/www.autoserviskf.cz\/?page_id=299"},"modified":"2022-11-18T09:45:19","modified_gmt":"2022-11-18T09:45:19","slug":"dekarbonizace","status":"publish","type":"page","link":"https:\/\/www.autoserviskf.cz\/?page_id=299","title":{"rendered":"dekarbonizace"},"content":{"rendered":"<p>[et_pb_section fb_built=&#8220;1&#8243; custom_padding_last_edited=&#8220;on|tablet&#8220; admin_label=&#8220;Header&#8220; _builder_version=&#8220;4.19.0&#8243; background_color=&#8220;#eaeaf1&#8243; use_background_color_gradient=&#8220;on&#8220; background_color_gradient_direction=&#8220;-67deg&#8220; background_color_gradient_stops=&#8220;#eaeaf1 18%|#ffffff 18%&#8220; background_color_gradient_start=&#8220;#eaeaf1&#8243; background_color_gradient_start_position=&#8220;18%&#8220; background_color_gradient_end=&#8220;#ffffff&#8220; background_color_gradient_end_position=&#8220;0%&#8220; background_position=&#8220;top_left&#8220; custom_margin=&#8220;||-200px||false|false&#8220; custom_margin_tablet=&#8220;||-200px||false|false&#8220; custom_margin_phone=&#8220;||-200px||false|false&#8220; custom_margin_last_edited=&#8220;on|phone&#8220; custom_padding=&#8220;0|0px|0px|0px|false|false&#8220; custom_padding_tablet=&#8220;||0px&#8220; custom_padding_phone=&#8220;&#8220; locked=&#8220;off&#8220; global_colors_info=&#8220;{}&#8220;][et_pb_row column_structure=&#8220;2_5,3_5&#8243; _builder_version=&#8220;4.19.0&#8243; width=&#8220;92%&#8220; max_width=&#8220;1800px&#8220; module_alignment=&#8220;right&#8220; custom_padding=&#8220;0px||0||false|false&#8220; use_custom_width=&#8220;on&#8220; width_unit=&#8220;off&#8220; custom_width_percent=&#8220;90%&#8220; global_colors_info=&#8220;{}&#8220;][et_pb_column type=&#8220;2_5&#8243; _builder_version=&#8220;4.16&#8243; custom_padding=&#8220;|50px||&#8220; global_colors_info=&#8220;{}&#8220; custom_padding__hover=&#8220;|||&#8220;][et_pb_divider color=&#8220;#0251b8&#8243; divider_weight=&#8220;80px&#8220; _builder_version=&#8220;4.16&#8243; transform_skew=&#8220;-22deg|0deg&#8220; transform_skew_linked=&#8220;off&#8220; height=&#8220;80px&#8220; custom_margin=&#8220;||60px|-20vw&#8220; custom_margin_tablet=&#8220;||30px&#8220; custom_margin_phone=&#8220;&#8220; custom_margin_last_edited=&#8220;on|tablet&#8220; locked=&#8220;off&#8220; global_colors_info=&#8220;{}&#8220;][\/et_pb_divider][et_pb_text _builder_version=&#8220;4.19.0&#8243; text_font=&#8220;Khand|600|||||||&#8220; text_text_color=&#8220;#000000&#8243; text_font_size=&#8220;85px&#8220; text_line_height=&#8220;1.8em&#8220; header_font=&#8220;Khand|700|on|on|||||&#8220; header_text_align=&#8220;left&#8220; header_font_size=&#8220;8vw&#8220; transform_skew=&#8220;-6deg|0deg&#8220; transform_skew_linked=&#8220;off&#8220; width=&#8220;120%&#8220; custom_margin=&#8220;||-40px||false|false&#8220; custom_margin_tablet=&#8220;||-40px||false|false&#8220; custom_margin_phone=&#8220;||-25px||false|false&#8220; custom_margin_last_edited=&#8220;on|desktop&#8220; text_font_size_tablet=&#8220;90px&#8220; text_font_size_phone=&#8220;50px&#8220; text_font_size_last_edited=&#8220;on|phone&#8220; header_font_size_tablet=&#8220;100px&#8220; header_font_size_phone=&#8220;50px&#8220; header_font_size_last_edited=&#8220;on|phone&#8220; global_colors_info=&#8220;{}&#8220;]<\/p>\n<p>Dekarbonizace<\/p>\n<p>[\/et_pb_text][et_pb_divider color=&#8220;#f71635&#8243; divider_style=&#8220;double&#8220; divider_weight=&#8220;10px&#8220; _builder_version=&#8220;4.16&#8243; transform_skew=&#8220;-20deg|0deg&#8220; max_width=&#8220;100px&#8220; height=&#8220;10px&#8220; locked=&#8220;off&#8220; global_colors_info=&#8220;{}&#8220;][\/et_pb_divider][et_pb_text _builder_version=&#8220;4.19.1&#8243; text_font=&#8220;|600|||||||&#8220; text_font_size=&#8220;19px&#8220; text_line_height=&#8220;2em&#8220; hover_enabled=&#8220;0&#8243; text_font_size_tablet=&#8220;18px&#8220; text_font_size_phone=&#8220;15px&#8220; text_font_size_last_edited=&#8220;on|phone&#8220; global_colors_info=&#8220;{}&#8220; sticky_enabled=&#8220;0&#8243;]<\/p>\n<p>Prov\u00e1d\u00edme dekarbonizaci motoru, a to jak vod\u00edkovou i chemickou cestou.<\/p>\n<p>[\/et_pb_text][\/et_pb_column][et_pb_column type=&#8220;3_5&#8243; _builder_version=&#8220;4.16&#8243; custom_padding=&#8220;|||&#8220; global_colors_info=&#8220;{}&#8220; custom_padding__hover=&#8220;|||&#8220;][et_pb_image src=&#8220;http:\/\/www.autoserviskf.cz\/wp-content\/uploads\/2022\/11\/mechanic-59.png&#8220; alt=&#8220;autoservis k+f dekarbonizace&#8220; title_text=&#8220;autoservis k+f dekarbonizace&#8220; align=&#8220;right&#8220; force_fullwidth=&#8220;on&#8220; _builder_version=&#8220;4.19.0&#8243; background_image=&#8220;http:\/\/www.autoserviskf.cz\/wp-content\/uploads\/2022\/11\/header-carbon_comp1.jpeg&#8220; width_tablet=&#8220;70%&#8220; width_phone=&#8220;&#8220; width_last_edited=&#8220;on|tablet&#8220; custom_padding=&#8220;|||&#8220; always_center_on_mobile=&#8220;off&#8220; global_colors_info=&#8220;{}&#8220;][\/et_pb_image][et_pb_image src=&#8220;http:\/\/www.autoserviskf.cz\/wp-content\/uploads\/2022\/11\/mechanic-57-1.png&#8220; align=&#8220;right&#8220; _builder_version=&#8220;4.16&#8243; width=&#8220;60%&#8220; module_alignment=&#8220;right&#8220; custom_margin=&#8220;-70%||&#8220; always_center_on_mobile=&#8220;off&#8220; global_colors_info=&#8220;{}&#8220;][\/et_pb_image][\/et_pb_column][\/et_pb_row][\/et_pb_section][et_pb_section fb_built=&#8220;1&#8243; admin_label=&#8220;About&#8220; _builder_version=&#8220;4.19.0&#8243; background_color=&#8220;rgba(238,238,238,0.5)&#8220; background_enable_image=&#8220;off&#8220; background_size=&#8220;initial&#8220; background_position=&#8220;bottom_right&#8220; custom_padding=&#8220;||20px||false|false&#8220; global_colors_info=&#8220;{}&#8220;][et_pb_row column_structure=&#8220;1_2,1_2&#8243; _builder_version=&#8220;4.19.0&#8243; _module_preset=&#8220;default&#8220; width=&#8220;85%&#8220; max_width=&#8220;1277px&#8220; global_colors_info=&#8220;{}&#8220;][et_pb_column type=&#8220;1_2&#8243; _builder_version=&#8220;4.19.0&#8243; _module_preset=&#8220;default&#8220; global_colors_info=&#8220;{}&#8220;][et_pb_image src=&#8220;http:\/\/www.autoserviskf.cz\/wp-content\/uploads\/2022\/11\/260551667_1919940278185180_2829777001059898020_n-removebg-preview.png&#8220; alt=&#8220;autoservis k+f  deca ss 4000&#8243; title_text=&#8220;autoservis k+f  deca ss 4000&#8243; _builder_version=&#8220;4.19.0&#8243; _module_preset=&#8220;default&#8220; width=&#8220;90%&#8220; global_colors_info=&#8220;{}&#8220;][\/et_pb_image][\/et_pb_column][et_pb_column type=&#8220;1_2&#8243; _builder_version=&#8220;4.19.0&#8243; _module_preset=&#8220;default&#8220; global_colors_info=&#8220;{}&#8220;][et_pb_text _builder_version=&#8220;4.19.0&#8243; text_font=&#8220;|600|||||||&#8220; text_line_height=&#8220;2em&#8220; header_font=&#8220;||||||||&#8220; header_2_font=&#8220;Khand|700||on|||||&#8220; header_2_font_size=&#8220;60px&#8220; header_2_line_height=&#8220;1.2em&#8220; header_2_font_size_tablet=&#8220;40px&#8220; header_2_font_size_phone=&#8220;30px&#8220; header_2_font_size_last_edited=&#8220;on|desktop&#8220; locked=&#8220;off&#8220; global_colors_info=&#8220;{}&#8220;]<\/p>\n<h2><span style=\"color: #3366ff;\">h2<\/span> dekarbonizace<\/h2>\n<p>[\/et_pb_text][et_pb_blurb title=&#8220;dekarbonizace motoru se prov\u00e1d\u00ed za\u0159\u00edzen\u00edm, kter\u00e9 ze speci\u00e1ln\u00ed sm\u011bsi elektrolytu vyrob\u00ed vod\u00edk, a sou\u010dasn\u011b s kysl\u00edkem vytv\u00e1\u0159\u00ed tzv. brown\u016fv plyn, kter\u00fd se p\u0159id\u00e1v\u00e1 k nas\u00e1van\u00e9mu vzduchu do motoru. takto obohacen\u00fd vzduch m\u00e1 vy\u0161\u0161\u00ed teplotu ho\u0159en\u00ed, d\u00edky kter\u00e9 m\u011bn\u00ed karbon pevn\u00e9ho skupenstv\u00ed na kapaln\u00e9, p\u0159i kter\u00e9m doch\u00e1z\u00ed k jeho odbour\u00e1n\u00ed&#8220; use_icon=&#8220;on&#8220; font_icon=&#8220;&#x5e;||divi||400&#8243; icon_color=&#8220;#f71635&#8243; icon_placement=&#8220;left&#8220; image_icon_width=&#8220;20px&#8220; _builder_version=&#8220;4.19.1&#8243; header_font=&#8220;|700||on|||||&#8220; header_font_size=&#8220;16px&#8220; header_line_height=&#8220;1.4em&#8220; body_font=&#8220;|600|||||||&#8220; body_font_size=&#8220;17px&#8220; body_line_height=&#8220;2em&#8220; animation=&#8220;off&#8220; hover_enabled=&#8220;0&#8243; icon_font_size=&#8220;20px&#8220; global_colors_info=&#8220;{}&#8220; sticky_enabled=&#8220;0&#8243;][\/et_pb_blurb][\/et_pb_column][\/et_pb_row][\/et_pb_section][et_pb_section fb_built=&#8220;1&#8243; admin_label=&#8220;About&#8220; _builder_version=&#8220;4.19.0&#8243; background_color=&#8220;rgba(238,238,238,0.5)&#8220; background_enable_image=&#8220;off&#8220; background_size=&#8220;initial&#8220; background_position=&#8220;bottom_right&#8220; custom_padding=&#8220;||20px||false|false&#8220; global_colors_info=&#8220;{}&#8220;][et_pb_row column_structure=&#8220;1_2,1_2&#8243; _builder_version=&#8220;4.19.0&#8243; _module_preset=&#8220;default&#8220; width=&#8220;85%&#8220; max_width=&#8220;1277px&#8220; global_colors_info=&#8220;{}&#8220;][et_pb_column type=&#8220;1_2&#8243; _builder_version=&#8220;4.19.0&#8243; _module_preset=&#8220;default&#8220; global_colors_info=&#8220;{}&#8220;][et_pb_text _builder_version=&#8220;4.19.0&#8243; text_font=&#8220;|600|||||||&#8220; text_line_height=&#8220;2em&#8220; header_font=&#8220;||||||||&#8220; header_2_font=&#8220;Khand|700||on|||||&#8220; header_2_font_size=&#8220;60px&#8220; header_2_line_height=&#8220;1.2em&#8220; header_2_font_size_tablet=&#8220;40px&#8220; header_2_font_size_phone=&#8220;30px&#8220; header_2_font_size_last_edited=&#8220;on|desktop&#8220; locked=&#8220;off&#8220; global_colors_info=&#8220;{}&#8220;]<\/p>\n<h2>chemick\u00e1 dekarbonizace<\/h2>\n<p>[\/et_pb_text][et_pb_blurb title=&#8220;bg dekarbonizace je unik\u00e1tn\u00ed odstran\u011bn\u00ed pevn\u00fdch uhl\u00edkov\u00fdch \u00fasad chemickou cestou, bez slo\u017eit\u00e9, drah\u00e9 a nebezpe\u010dn\u00e9 mechanick\u00e9 procedury. Tyto \u00fasady vznikaj\u00ed p\u016fsoben\u00edm vysok\u00fdch teplot na uhlovod\u00edkov\u00e9 l\u00e1tky nebo p\u0159i spalov\u00e1n\u00ed paliva. zan\u00e1\u0161ej\u00ed sac\u00ed a v\u00fdfukov\u00e9 ventily, vst\u0159ikovac\u00ed trysky, spalovac\u00ed komoru, v\u00fdfukov\u00fd syst\u00e9m i katalyz\u00e1tor, co\u017e zp\u016fsobuje ztr\u00e1tu v\u00fdkonu, vy\u0161\u0161\u00ed spot\u0159ebu paliva, pokles kompresn\u00edch tlak\u016f, nepravideln\u00e9 z\u00e1\u017eehy, klep\u00e1n\u00ed motoru, \u0161patn\u00e9 startov\u00e1n\u00ed. odstran\u011bn\u00ed t\u011bchto \u00fasad z motor\u016f, p\u0159evodovek a dal\u0161\u00edch syst\u00e9m\u016f se naz\u00fdv\u00e1 dekarbonizac\u00ed.&#8220; use_icon=&#8220;on&#8220; font_icon=&#8220;&#x5e;||divi||400&#8243; icon_color=&#8220;#f71635&#8243; icon_placement=&#8220;left&#8220; image_icon_width=&#8220;20px&#8220; _builder_version=&#8220;4.19.1&#8243; header_font=&#8220;|700||on|||||&#8220; header_font_size=&#8220;16px&#8220; header_line_height=&#8220;1.4em&#8220; body_font=&#8220;|600|||||||&#8220; body_font_size=&#8220;17px&#8220; body_line_height=&#8220;2em&#8220; animation=&#8220;off&#8220; hover_enabled=&#8220;0&#8243; icon_font_size=&#8220;20px&#8220; global_colors_info=&#8220;{}&#8220; sticky_enabled=&#8220;0&#8243;][\/et_pb_blurb][\/et_pb_column][et_pb_column type=&#8220;1_2&#8243; _builder_version=&#8220;4.19.0&#8243; _module_preset=&#8220;default&#8220; global_colors_info=&#8220;{}&#8220;][et_pb_image src=&#8220;http:\/\/www.autoserviskf.cz\/wp-content\/uploads\/2022\/11\/poster11_11_124521-1.png&#8220; alt=&#8220;autoservis k+f chemick\u00e1 dekarbonizace&#8220; title_text=&#8220;autoservis k+f chemick\u00e1 dekarbonizace&#8220; align=&#8220;center&#8220; _builder_version=&#8220;4.19.0&#8243; _module_preset=&#8220;default&#8220; global_colors_info=&#8220;{}&#8220;][\/et_pb_image][\/et_pb_column][\/et_pb_row][\/et_pb_section]<\/p>\n","protected":false},"excerpt":{"rendered":"<p>DekarbonizaceProv\u00e1d\u00edme dekarbonizaci motoru, a to jak vod\u00edkovou i chemickou cestou.h2 dekarbonizacechemick\u00e1 dekarbonizace<\/p>\n","protected":false},"author":1,"featured_media":0,"parent":0,"menu_order":0,"comment_status":"closed","ping_status":"closed","template":"","meta":{"_et_pb_use_builder":"on","_et_pb_old_content":"","_et_gb_content_width":"","footnotes":""},"class_list":["post-299","page","type-page","status-publish","hentry"],"_links":{"self":[{"href":"https:\/\/www.autoserviskf.cz\/index.php?rest_route=\/wp\/v2\/pages\/299","targetHints":{"allow":["GET"]}}],"collection":[{"href":"https:\/\/www.autoserviskf.cz\/index.php?rest_route=\/wp\/v2\/pages"}],"about":[{"href":"https:\/\/www.autoserviskf.cz\/index.php?rest_route=\/wp\/v2\/types\/page"}],"author":[{"embeddable":true,"href":"https:\/\/www.autoserviskf.cz\/index.php?rest_route=\/wp\/v2\/users\/1"}],"replies":[{"embeddable":true,"href":"https:\/\/www.autoserviskf.cz\/index.php?rest_route=%2Fwp%2Fv2%2Fcomments&post=299"}],"version-history":[{"count":8,"href":"https:\/\/www.autoserviskf.cz\/index.php?rest_route=\/wp\/v2\/pages\/299\/revisions"}],"predecessor-version":[{"id":409,"href":"https:\/\/www.autoserviskf.cz\/index.php?rest_route=\/wp\/v2\/pages\/299\/revisions\/409"}],"wp:attachment":[{"href":"https:\/\/www.autoserviskf.cz\/index.php?rest_route=%2Fwp%2Fv2%2Fmedia&parent=299"}],"curies":[{"name":"wp","href":"https:\/\/api.w.org\/{rel}","templated":true}]}}